{"id":58,"date":"2022-08-12T19:59:21","date_gmt":"2022-08-12T19:59:21","guid":{"rendered":"http:\/\/keepmoving.com.mx\/kmt-test\/cedeim\/?page_id=58"},"modified":"2022-09-14T20:39:32","modified_gmt":"2022-09-14T20:39:32","slug":"nosotros","status":"publish","type":"page","link":"https:\/\/grupoasercom.com\/kmt-test\/cedeim\/nosotros\/","title":{"rendered":"Nosotros"},"content":{"rendered":"\t\t<div data-elementor-type=\"wp-page\" data-elementor-id=\"58\" class=\"elementor elementor-58\">\n\t\t\t\t\t\t\t\t\t<section class=\"elementor-section elementor-top-section elementor-element elementor-element-bc015f0 elementor-section-height-min-height elementor-section-items-bottom elementor-section-boxed elementor-section-height-default\" data-id=\"bc015f0\" data-element_type=\"section\" data-settings=\"{&quot;background_background&quot;:&quot;classic&quot;}\">\n\t\t\t\t\t\t<div class=\"elementor-container elementor-column-gap-default\">\n\t\t\t\t\t<div class=\"elementor-column elementor-col-100 elementor-top-column elementor-element elementor-element-3603ad8\" data-id=\"3603ad8\" data-element_type=\"column\">\n\t\t\t<div class=\"elementor-widget-wrap elementor-element-populated\">\n\t\t\t\t\t\t\t\t<div class=\"elementor-element elementor-element-99884fb elementor-widget elementor-widget-heading\" data-id=\"99884fb\" data-element_type=\"widget\" data-widget_type=\"heading.default\">\n\t\t\t\t<div class=\"elementor-widget-container\">\n\t\t\t<style>\/*! elementor - v3.7.1 - 14-08-2022 *\/\n.elementor-heading-title{padding:0;margin:0;line-height:1}.elementor-widget-heading .elementor-heading-title[class*=elementor-size-]>a{color:inherit;font-size:inherit;line-height:inherit}.elementor-widget-heading .elementor-heading-title.elementor-size-small{font-size:15px}.elementor-widget-heading .elementor-heading-title.elementor-size-medium{font-size:19px}.elementor-widget-heading .elementor-heading-title.elementor-size-large{font-size:29px}.elementor-widget-heading .elementor-heading-title.elementor-size-xl{font-size:39px}.elementor-widget-heading .elementor-heading-title.elementor-size-xxl{font-size:59px}<\/style><h2 class=\"elementor-heading-title elementor-size-default\">Nosotros<\/h2>\t\t<\/div>\n\t\t\t\t<\/div>\n\t\t\t\t\t<\/div>\n\t\t<\/div>\n\t\t\t\t\t\t\t<\/div>\n\t\t<\/section>\n\t\t\t\t<section class=\"elementor-section elementor-top-section elementor-element elementor-element-67efdb2 elementor-section-boxed elementor-section-height-default elementor-section-height-default\" data-id=\"67efdb2\" data-element_type=\"section\">\n\t\t\t\t\t\t<div class=\"elementor-container elementor-column-gap-default\">\n\t\t\t\t\t<div class=\"elementor-column elementor-col-50 elementor-top-column elementor-element elementor-element-0ebb806\" data-id=\"0ebb806\" data-element_type=\"column\">\n\t\t\t<div class=\"elementor-widget-wrap elementor-element-populated\">\n\t\t\t\t\t\t\t\t<div class=\"elementor-element elementor-element-5d045bc elementor-widget elementor-widget-heading\" data-id=\"5d045bc\" data-element_type=\"widget\" data-widget_type=\"heading.default\">\n\t\t\t\t<div class=\"elementor-widget-container\">\n\t\t\t<h3 class=\"elementor-heading-title elementor-size-default\">Objetivo<\/h3>\t\t<\/div>\n\t\t\t\t<\/div>\n\t\t\t\t<div class=\"elementor-element elementor-element-174b94d elementor-widget elementor-widget-text-editor\" data-id=\"174b94d\" data-element_type=\"widget\" data-widget_type=\"text-editor.default\">\n\t\t\t\t<div class=\"elementor-widget-container\">\n\t\t\t<style>\/*! elementor - v3.7.1 - 14-08-2022 *\/\n.elementor-widget-text-editor.elementor-drop-cap-view-stacked .elementor-drop-cap{background-color:#818a91;color:#fff}.elementor-widget-text-editor.elementor-drop-cap-view-framed .elementor-drop-cap{color:#818a91;border:3px solid;background-color:transparent}.elementor-widget-text-editor:not(.elementor-drop-cap-view-default) .elementor-drop-cap{margin-top:8px}.elementor-widget-text-editor:not(.elementor-drop-cap-view-default) .elementor-drop-cap-letter{width:1em;height:1em}.elementor-widget-text-editor .elementor-drop-cap{float:left;text-align:center;line-height:1;font-size:50px}.elementor-widget-text-editor .elementor-drop-cap-letter{display:inline-block}<\/style>\t\t\t\tEl CEDEIM ofrece al p\u00fablico los servicios de ensayo basados en m\u00e9todos normalizados y no normalizados. Para lo cual cuenta actualmente con 2 laboratorios, que se especializan en ensayos relacionados con la evaluaci\u00f3n de la conformidad de tuber\u00edas y materiales termopl\u00e1sticos.\n<br><br>\nLos laboratorios del CEDEIM tienen en sus instalaciones toda la infraestructura necesaria para conducir los ensayos que ofrece; y est\u00e1n acreditados por la <span style=\"color: #267ec1; font-weight: bold;\"> Entidad Mexicana de Acreditaci\u00f3n, a.c. (EMA)<\/span> y aprobados por la <span style=\"color: #267ec1; font-weight: bold;\">Comisi\u00f3n Nacional del Agua (CONAGUA)<\/span>, lo cual soporta la confiabilidad de los resultados.\n<br><br>\nLa competencia t\u00e9cnica de nuestro personal, su imparcialidad y conducta \u00e9tica contribuyen d\u00eda a d\u00eda para mantener nuestras acreditaciones y garantizar a nuestros clientes un servicio confiable.\t\t\t\t\t\t<\/div>\n\t\t\t\t<\/div>\n\t\t\t\t\t<\/div>\n\t\t<\/div>\n\t\t\t\t<div class=\"elementor-column elementor-col-50 elementor-top-column elementor-element elementor-element-6003481 elementor-invisible\" data-id=\"6003481\" data-element_type=\"column\" data-settings=\"{&quot;animation&quot;:&quot;fadeInRight&quot;}\">\n\t\t\t<div class=\"elementor-widget-wrap elementor-element-populated\">\n\t\t\t\t\t\t\t\t<div class=\"elementor-element elementor-element-eba9525 elementor-widget elementor-widget-image\" data-id=\"eba9525\" data-element_type=\"widget\" data-widget_type=\"image.default\">\n\t\t\t\t<div class=\"elementor-widget-container\">\n\t\t\t<style>\/*! elementor - v3.7.1 - 14-08-2022 *\/\n.elementor-widget-image{text-align:center}.elementor-widget-image a{display:inline-block}.elementor-widget-image a img[src$=\".svg\"]{width:48px}.elementor-widget-image img{vertical-align:middle;display:inline-block}<\/style>\t\t\t\t\t\t\t\t\t\t\t\t<img loading=\"lazy\" decoding=\"async\" width=\"726\" height=\"467\" src=\"https:\/\/grupoasercom.com\/kmt-test\/cedeim\/wp-content\/uploads\/2022\/09\/nosotros1.jpg\" class=\"attachment-large size-large\" alt=\"\" srcset=\"https:\/\/grupoasercom.com\/kmt-test\/cedeim\/wp-content\/uploads\/2022\/09\/nosotros1.jpg 726w, https:\/\/grupoasercom.com\/kmt-test\/cedeim\/wp-content\/uploads\/2022\/09\/nosotros1-300x193.jpg 300w\" sizes=\"auto, (max-width: 726px) 100vw, 726px\" \/>\t\t\t\t\t\t\t\t\t\t\t\t\t\t\t<\/div>\n\t\t\t\t<\/div>\n\t\t\t\t<div class=\"elementor-element elementor-element-8c638c8 elementor-widget elementor-widget-image\" data-id=\"8c638c8\" data-element_type=\"widget\" data-widget_type=\"image.default\">\n\t\t\t\t<div class=\"elementor-widget-container\">\n\t\t\t\t\t\t\t\t\t\t\t\t\t\t\t<img loading=\"lazy\" decoding=\"async\" width=\"726\" height=\"467\" src=\"https:\/\/grupoasercom.com\/kmt-test\/cedeim\/wp-content\/uploads\/2022\/09\/nosotros2-1.jpg\" class=\"attachment-large size-large\" alt=\"\" srcset=\"https:\/\/grupoasercom.com\/kmt-test\/cedeim\/wp-content\/uploads\/2022\/09\/nosotros2-1.jpg 726w, https:\/\/grupoasercom.com\/kmt-test\/cedeim\/wp-content\/uploads\/2022\/09\/nosotros2-1-300x193.jpg 300w\" sizes=\"auto, (max-width: 726px) 100vw, 726px\" \/>\t\t\t\t\t\t\t\t\t\t\t\t\t\t\t<\/div>\n\t\t\t\t<\/div>\n\t\t\t\t\t<\/div>\n\t\t<\/div>\n\t\t\t\t\t\t\t<\/div>\n\t\t<\/section>\n\t\t\t\t<section class=\"elementor-section elementor-top-section elementor-element elementor-element-fd90427 elementor-section-boxed elementor-section-height-default elementor-section-height-default\" data-id=\"fd90427\" data-element_type=\"section\" data-settings=\"{&quot;background_background&quot;:&quot;classic&quot;}\">\n\t\t\t\t\t\t<div class=\"elementor-container elementor-column-gap-default\">\n\t\t\t\t\t<div class=\"elementor-column elementor-col-33 elementor-top-column elementor-element elementor-element-3d97278\" data-id=\"3d97278\" data-element_type=\"column\">\n\t\t\t<div class=\"elementor-widget-wrap elementor-element-populated\">\n\t\t\t\t\t\t\t\t<div class=\"elementor-element elementor-element-78024a0 elementor-invisible elementor-widget elementor-widget-image\" data-id=\"78024a0\" data-element_type=\"widget\" data-settings=\"{&quot;_animation&quot;:&quot;fadeInUp&quot;}\" data-widget_type=\"image.default\">\n\t\t\t\t<div class=\"elementor-widget-container\">\n\t\t\t\t\t\t\t\t\t\t\t\t\t\t\t<img loading=\"lazy\" decoding=\"async\" width=\"481\" height=\"580\" src=\"https:\/\/grupoasercom.com\/kmt-test\/cedeim\/wp-content\/uploads\/2022\/08\/2-1.jpg\" class=\"attachment-large size-large\" alt=\"\" srcset=\"https:\/\/grupoasercom.com\/kmt-test\/cedeim\/wp-content\/uploads\/2022\/08\/2-1.jpg 481w, https:\/\/grupoasercom.com\/kmt-test\/cedeim\/wp-content\/uploads\/2022\/08\/2-1-249x300.jpg 249w\" sizes=\"auto, (max-width: 481px) 100vw, 481px\" \/>\t\t\t\t\t\t\t\t\t\t\t\t\t\t\t<\/div>\n\t\t\t\t<\/div>\n\t\t\t\t\t<\/div>\n\t\t<\/div>\n\t\t\t\t<div class=\"elementor-column elementor-col-66 elementor-top-column elementor-element elementor-element-b982067\" data-id=\"b982067\" data-element_type=\"column\">\n\t\t\t<div class=\"elementor-widget-wrap elementor-element-populated\">\n\t\t\t\t\t\t\t\t<div class=\"elementor-element elementor-element-9b74186 elementor-widget elementor-widget-heading\" data-id=\"9b74186\" data-element_type=\"widget\" data-widget_type=\"heading.default\">\n\t\t\t\t<div class=\"elementor-widget-container\">\n\t\t\t<h3 class=\"elementor-heading-title elementor-size-default\">Pol\u00edtica de Calidad\n<\/h3>\t\t<\/div>\n\t\t\t\t<\/div>\n\t\t\t\t<div class=\"elementor-element elementor-element-5183f37 elementor-widget elementor-widget-text-editor\" data-id=\"5183f37\" data-element_type=\"widget\" data-widget_type=\"text-editor.default\">\n\t\t\t\t<div class=\"elementor-widget-container\">\n\t\t\t\t\t\t\t<p>Garantizar la satisfacci\u00f3n de nuestros clientes con servicios de ensayos a tubos y a materiales termopl\u00e1sticos, que cumplan los requerimientos contratados, bas\u00e1ndonos en la competencia, imparcialidad y conducta \u00e9tica de nuestra gente, en el cumplimiento de los objetivos de nuestro sistema de gesti\u00f3n de calidad conforme a la norma mexicana <strong>NMX-EC-17025-IMNC-2018<\/strong> y en el compromiso de la mejora continua.<\/p>\t\t\t\t\t\t<\/div>\n\t\t\t\t<\/div>\n\t\t\t\t\t<\/div>\n\t\t<\/div>\n\t\t\t\t\t\t\t<\/div>\n\t\t<\/section>\n\t\t\t\t<section class=\"elementor-section elementor-top-section elementor-element elementor-element-c2ddfda elementor-section-boxed elementor-section-height-default elementor-section-height-default\" data-id=\"c2ddfda\" data-element_type=\"section\" data-settings=\"{&quot;background_background&quot;:&quot;classic&quot;}\">\n\t\t\t\t\t\t<div class=\"elementor-container elementor-column-gap-default\">\n\t\t\t\t\t<div class=\"elementor-column elementor-col-100 elementor-top-column elementor-element elementor-element-02c6bbd\" data-id=\"02c6bbd\" data-element_type=\"column\">\n\t\t\t<div class=\"elementor-widget-wrap elementor-element-populated\">\n\t\t\t\t\t\t\t\t<div class=\"elementor-element elementor-element-b91df4c elementor-widget elementor-widget-heading\" data-id=\"b91df4c\" data-element_type=\"widget\" data-widget_type=\"heading.default\">\n\t\t\t\t<div class=\"elementor-widget-container\">\n\t\t\t<h3 class=\"elementor-heading-title elementor-size-default\">Nuestros Valores<\/h3>\t\t<\/div>\n\t\t\t\t<\/div>\n\t\t\t\t<section class=\"elementor-section elementor-inner-section elementor-element elementor-element-6a8c326 elementor-section-boxed elementor-section-height-default elementor-section-height-default\" data-id=\"6a8c326\" data-element_type=\"section\">\n\t\t\t\t\t\t<div class=\"elementor-container elementor-column-gap-default\">\n\t\t\t\t\t<div class=\"elementor-column elementor-col-25 elementor-inner-column elementor-element elementor-element-7858994\" data-id=\"7858994\" data-element_type=\"column\">\n\t\t\t<div class=\"elementor-widget-wrap elementor-element-populated\">\n\t\t\t\t\t\t\t\t<div class=\"elementor-element elementor-element-a82e4f6 elementor-widget__width-auto elementor-widget elementor-widget-heading\" data-id=\"a82e4f6\" data-element_type=\"widget\" data-widget_type=\"heading.default\">\n\t\t\t\t<div class=\"elementor-widget-container\">\n\t\t\t<h3 class=\"elementor-heading-title elementor-size-default\">Visi\u00f3n de Negocio<\/h3>\t\t<\/div>\n\t\t\t\t<\/div>\n\t\t\t\t<div class=\"elementor-element elementor-element-a23a375 elementor-widget__width-auto elementor-view-default elementor-widget elementor-widget-icon\" data-id=\"a23a375\" data-element_type=\"widget\" data-widget_type=\"icon.default\">\n\t\t\t\t<div class=\"elementor-widget-container\">\n\t\t\t\t\t<div class=\"elementor-icon-wrapper\">\n\t\t\t<div class=\"elementor-icon\">\n\t\t\t<i aria-hidden=\"true\" class=\"fas fa-circle\"><\/i>\t\t\t<\/div>\n\t\t<\/div>\n\t\t\t\t<\/div>\n\t\t\t\t<\/div>\n\t\t\t\t\t<\/div>\n\t\t<\/div>\n\t\t\t\t<div class=\"elementor-column elementor-col-25 elementor-inner-column elementor-element elementor-element-480599a\" data-id=\"480599a\" data-element_type=\"column\">\n\t\t\t<div class=\"elementor-widget-wrap elementor-element-populated\">\n\t\t\t\t\t\t\t\t<div class=\"elementor-element elementor-element-631ae7b elementor-widget__width-auto elementor-widget elementor-widget-heading\" data-id=\"631ae7b\" data-element_type=\"widget\" data-widget_type=\"heading.default\">\n\t\t\t\t<div class=\"elementor-widget-container\">\n\t\t\t<h3 class=\"elementor-heading-title elementor-size-default\">Servicio<\/h3>\t\t<\/div>\n\t\t\t\t<\/div>\n\t\t\t\t<div class=\"elementor-element elementor-element-5ba5f8e elementor-widget__width-auto elementor-view-default elementor-widget elementor-widget-icon\" data-id=\"5ba5f8e\" data-element_type=\"widget\" data-widget_type=\"icon.default\">\n\t\t\t\t<div class=\"elementor-widget-container\">\n\t\t\t\t\t<div class=\"elementor-icon-wrapper\">\n\t\t\t<div class=\"elementor-icon\">\n\t\t\t<i aria-hidden=\"true\" class=\"fas fa-circle\"><\/i>\t\t\t<\/div>\n\t\t<\/div>\n\t\t\t\t<\/div>\n\t\t\t\t<\/div>\n\t\t\t\t\t<\/div>\n\t\t<\/div>\n\t\t\t\t<div class=\"elementor-column elementor-col-25 elementor-inner-column elementor-element elementor-element-48db63a\" data-id=\"48db63a\" data-element_type=\"column\">\n\t\t\t<div class=\"elementor-widget-wrap elementor-element-populated\">\n\t\t\t\t\t\t\t\t<div class=\"elementor-element elementor-element-ea4b409 elementor-widget__width-auto elementor-widget elementor-widget-heading\" data-id=\"ea4b409\" data-element_type=\"widget\" data-widget_type=\"heading.default\">\n\t\t\t\t<div class=\"elementor-widget-container\">\n\t\t\t<h3 class=\"elementor-heading-title elementor-size-default\">Confiabilidad<\/h3>\t\t<\/div>\n\t\t\t\t<\/div>\n\t\t\t\t<div class=\"elementor-element elementor-element-b6b68e2 elementor-widget__width-auto elementor-view-default elementor-widget elementor-widget-icon\" data-id=\"b6b68e2\" data-element_type=\"widget\" data-widget_type=\"icon.default\">\n\t\t\t\t<div class=\"elementor-widget-container\">\n\t\t\t\t\t<div class=\"elementor-icon-wrapper\">\n\t\t\t<div class=\"elementor-icon\">\n\t\t\t<i aria-hidden=\"true\" class=\"fas fa-circle\"><\/i>\t\t\t<\/div>\n\t\t<\/div>\n\t\t\t\t<\/div>\n\t\t\t\t<\/div>\n\t\t\t\t\t<\/div>\n\t\t<\/div>\n\t\t\t\t<div class=\"elementor-column elementor-col-25 elementor-inner-column elementor-element elementor-element-bdc93c3\" data-id=\"bdc93c3\" data-element_type=\"column\">\n\t\t\t<div class=\"elementor-widget-wrap elementor-element-populated\">\n\t\t\t\t\t\t\t\t<div class=\"elementor-element elementor-element-e90c3d6 elementor-widget__width-auto elementor-widget elementor-widget-heading\" data-id=\"e90c3d6\" data-element_type=\"widget\" data-widget_type=\"heading.default\">\n\t\t\t\t<div class=\"elementor-widget-container\">\n\t\t\t<h3 class=\"elementor-heading-title elementor-size-default\">Integridad<\/h3>\t\t<\/div>\n\t\t\t\t<\/div>\n\t\t\t\t\t<\/div>\n\t\t<\/div>\n\t\t\t\t\t\t\t<\/div>\n\t\t<\/section>\n\t\t\t\t<section class=\"elementor-section elementor-inner-section elementor-element elementor-element-0e31fc0 elementor-section-boxed elementor-section-height-default elementor-section-height-default\" data-id=\"0e31fc0\" data-element_type=\"section\">\n\t\t\t\t\t\t<div class=\"elementor-container elementor-column-gap-default\">\n\t\t\t\t\t<div class=\"elementor-column elementor-col-33 elementor-inner-column elementor-element elementor-element-c412ae8\" data-id=\"c412ae8\" data-element_type=\"column\">\n\t\t\t<div class=\"elementor-widget-wrap elementor-element-populated\">\n\t\t\t\t\t\t\t\t<div class=\"elementor-element elementor-element-e1a9a45 elementor-widget__width-auto elementor-widget elementor-widget-heading\" data-id=\"e1a9a45\" data-element_type=\"widget\" data-widget_type=\"heading.default\">\n\t\t\t\t<div class=\"elementor-widget-container\">\n\t\t\t<h3 class=\"elementor-heading-title elementor-size-default\">Responsabilidad<\/h3>\t\t<\/div>\n\t\t\t\t<\/div>\n\t\t\t\t<div class=\"elementor-element elementor-element-2741900 elementor-widget__width-auto elementor-view-default elementor-widget elementor-widget-icon\" data-id=\"2741900\" data-element_type=\"widget\" data-widget_type=\"icon.default\">\n\t\t\t\t<div class=\"elementor-widget-container\">\n\t\t\t\t\t<div class=\"elementor-icon-wrapper\">\n\t\t\t<div class=\"elementor-icon\">\n\t\t\t<i aria-hidden=\"true\" class=\"fas fa-circle\"><\/i>\t\t\t<\/div>\n\t\t<\/div>\n\t\t\t\t<\/div>\n\t\t\t\t<\/div>\n\t\t\t\t\t<\/div>\n\t\t<\/div>\n\t\t\t\t<div class=\"elementor-column elementor-col-33 elementor-inner-column elementor-element elementor-element-f97a429\" data-id=\"f97a429\" data-element_type=\"column\">\n\t\t\t<div class=\"elementor-widget-wrap elementor-element-populated\">\n\t\t\t\t\t\t\t\t<div class=\"elementor-element elementor-element-b4b510b elementor-widget__width-auto elementor-widget elementor-widget-heading\" data-id=\"b4b510b\" data-element_type=\"widget\" data-widget_type=\"heading.default\">\n\t\t\t\t<div class=\"elementor-widget-container\">\n\t\t\t<h3 class=\"elementor-heading-title elementor-size-default\">Imparcialidad<\/h3>\t\t<\/div>\n\t\t\t\t<\/div>\n\t\t\t\t<div class=\"elementor-element elementor-element-82aac39 elementor-widget__width-auto elementor-view-default elementor-widget elementor-widget-icon\" data-id=\"82aac39\" data-element_type=\"widget\" data-widget_type=\"icon.default\">\n\t\t\t\t<div class=\"elementor-widget-container\">\n\t\t\t\t\t<div class=\"elementor-icon-wrapper\">\n\t\t\t<div class=\"elementor-icon\">\n\t\t\t<i aria-hidden=\"true\" class=\"fas fa-circle\"><\/i>\t\t\t<\/div>\n\t\t<\/div>\n\t\t\t\t<\/div>\n\t\t\t\t<\/div>\n\t\t\t\t\t<\/div>\n\t\t<\/div>\n\t\t\t\t<div class=\"elementor-column elementor-col-33 elementor-inner-column elementor-element elementor-element-47b4d4e\" data-id=\"47b4d4e\" data-element_type=\"column\">\n\t\t\t<div class=\"elementor-widget-wrap elementor-element-populated\">\n\t\t\t\t\t\t\t\t<div class=\"elementor-element elementor-element-dfe43c3 elementor-widget__width-auto elementor-widget elementor-widget-heading\" data-id=\"dfe43c3\" data-element_type=\"widget\" data-widget_type=\"heading.default\">\n\t\t\t\t<div class=\"elementor-widget-container\">\n\t\t\t<h3 class=\"elementor-heading-title elementor-size-default\">Liderazgo<\/h3>\t\t<\/div>\n\t\t\t\t<\/div>\n\t\t\t\t\t<\/div>\n\t\t<\/div>\n\t\t\t\t\t\t\t<\/div>\n\t\t<\/section>\n\t\t\t\t\t<\/div>\n\t\t<\/div>\n\t\t\t\t\t\t\t<\/div>\n\t\t<\/section>\n\t\t\t\t<section class=\"elementor-section elementor-top-section elementor-element elementor-element-3b0a595 elementor-section-boxed elementor-section-height-default elementor-section-height-default\" data-id=\"3b0a595\" data-element_type=\"section\" id=\"vision\">\n\t\t\t\t\t\t<div class=\"elementor-container elementor-column-gap-default\">\n\t\t\t\t\t<div class=\"elementor-column elementor-col-50 elementor-top-column elementor-element elementor-element-9a344de\" data-id=\"9a344de\" data-element_type=\"column\">\n\t\t\t<div class=\"elementor-widget-wrap elementor-element-populated\">\n\t\t\t\t\t\t\t\t<div class=\"elementor-element elementor-element-b1b2d22 elementor-widget elementor-widget-heading\" data-id=\"b1b2d22\" data-element_type=\"widget\" data-widget_type=\"heading.default\">\n\t\t\t\t<div class=\"elementor-widget-container\">\n\t\t\t<h3 class=\"elementor-heading-title elementor-size-default\">Misi\u00f3n<\/h3>\t\t<\/div>\n\t\t\t\t<\/div>\n\t\t\t\t<div class=\"elementor-element elementor-element-5f4fb0e elementor-widget elementor-widget-text-editor\" data-id=\"5f4fb0e\" data-element_type=\"widget\" data-widget_type=\"text-editor.default\">\n\t\t\t\t<div class=\"elementor-widget-container\">\n\t\t\t\t\t\t\t<span style=\"font-size: 1rem;\">Ofrecer una amplia gama de servicios de ensayo acreditados y no\nacreditados confiables, relacionados con la evaluaci\u00f3n de la\nconformidad de tuber\u00edas y materiales termopl\u00e1sticos en t\u00e9rminos de la<\/span>\u00a0<span style=\"color: #267ec1; font-weight: bold;\">Ley de la Infraestructura de la Calidad<\/span> d, a precios competitivos,\nrespaldado por un equipo de trabajo comprometido y \u00e9tico que cuenta\ncon oportunidades de desarrollo y seguridad en el trabajo.\t\t\t\t\t\t<\/div>\n\t\t\t\t<\/div>\n\t\t\t\t\t<\/div>\n\t\t<\/div>\n\t\t\t\t<div class=\"elementor-column elementor-col-50 elementor-top-column elementor-element elementor-element-7fd9a72 elementor-invisible\" data-id=\"7fd9a72\" data-element_type=\"column\" data-settings=\"{&quot;animation&quot;:&quot;fadeInRight&quot;}\">\n\t\t\t<div class=\"elementor-widget-wrap elementor-element-populated\">\n\t\t\t\t\t\t\t\t<div class=\"elementor-element elementor-element-5dd19cf elementor-widget elementor-widget-image\" data-id=\"5dd19cf\" data-element_type=\"widget\" data-widget_type=\"image.default\">\n\t\t\t\t<div class=\"elementor-widget-container\">\n\t\t\t\t\t\t\t\t\t\t\t\t\t\t\t<img decoding=\"async\" src=\"https:\/\/grupoasercom.com\/kmt-test\/cedeim\/wp-content\/uploads\/elementor\/thumbs\/FTIR-purmolnolpoojj6kcvb7dbmsdm4yheztn760via36o.png\" title=\"FTIR\" alt=\"FTIR\" \/>\t\t\t\t\t\t\t\t\t\t\t\t\t\t\t<\/div>\n\t\t\t\t<\/div>\n\t\t\t\t\t<\/div>\n\t\t<\/div>\n\t\t\t\t\t\t\t<\/div>\n\t\t<\/section>\n\t\t\t\t<section class=\"elementor-section elementor-top-section elementor-element elementor-element-5b6b02c elementor-section-boxed elementor-section-height-default elementor-section-height-default\" data-id=\"5b6b02c\" data-element_type=\"section\">\n\t\t\t\t\t\t<div class=\"elementor-container elementor-column-gap-default\">\n\t\t\t\t\t<div class=\"elementor-column elementor-col-50 elementor-top-column elementor-element elementor-element-e82331f\" data-id=\"e82331f\" data-element_type=\"column\">\n\t\t\t<div class=\"elementor-widget-wrap elementor-element-populated\">\n\t\t\t\t\t\t\t\t<div class=\"elementor-element elementor-element-e1b68ea elementor-widget elementor-widget-heading\" data-id=\"e1b68ea\" data-element_type=\"widget\" data-widget_type=\"heading.default\">\n\t\t\t\t<div class=\"elementor-widget-container\">\n\t\t\t<h3 class=\"elementor-heading-title elementor-size-default\">Visi\u00f3n<\/h3>\t\t<\/div>\n\t\t\t\t<\/div>\n\t\t\t\t<div class=\"elementor-element elementor-element-8f429b0 elementor-widget elementor-widget-text-editor\" data-id=\"8f429b0\" data-element_type=\"widget\" data-widget_type=\"text-editor.default\">\n\t\t\t\t<div class=\"elementor-widget-container\">\n\t\t\t\t\t\t\t<span style=\"font-size: 1rem;\">Ser la mejor opci\u00f3n al momento de elegir un laboratorio de ensayos para\nla evaluaci\u00f3n de la conformidad de tuber\u00edas y materiales termopl\u00e1sticos,\ndestac\u00e1ndonos por ofrecer<\/span>\u00a0<span style=\"color: #267ec1; font-weight: bold;\">soluciones integrales y confiables<\/span> para\nnuestros clientes. Queremos ser reconocidos ampliamente por la\nautoridad y mantener un crecimiento constante.\t\t\t\t\t\t<\/div>\n\t\t\t\t<\/div>\n\t\t\t\t\t<\/div>\n\t\t<\/div>\n\t\t\t\t<div class=\"elementor-column elementor-col-50 elementor-top-column elementor-element elementor-element-c721495 elementor-invisible\" data-id=\"c721495\" data-element_type=\"column\" data-settings=\"{&quot;animation&quot;:&quot;fadeInRight&quot;}\">\n\t\t\t<div class=\"elementor-widget-wrap elementor-element-populated\">\n\t\t\t\t\t\t\t\t<div class=\"elementor-element elementor-element-b4ff03f elementor-widget elementor-widget-image\" data-id=\"b4ff03f\" data-element_type=\"widget\" data-widget_type=\"image.default\">\n\t\t\t\t<div class=\"elementor-widget-container\">\n\t\t\t\t\t\t\t\t\t\t\t\t\t\t\t<img loading=\"lazy\" decoding=\"async\" width=\"660\" height=\"400\" src=\"https:\/\/grupoasercom.com\/kmt-test\/cedeim\/wp-content\/uploads\/2022\/09\/nosotros3.jpg\" class=\"attachment-large size-large\" alt=\"\" srcset=\"https:\/\/grupoasercom.com\/kmt-test\/cedeim\/wp-content\/uploads\/2022\/09\/nosotros3.jpg 660w, https:\/\/grupoasercom.com\/kmt-test\/cedeim\/wp-content\/uploads\/2022\/09\/nosotros3-300x182.jpg 300w\" sizes=\"auto, (max-width: 660px) 100vw, 660px\" \/>\t\t\t\t\t\t\t\t\t\t\t\t\t\t\t<\/div>\n\t\t\t\t<\/div>\n\t\t\t\t\t<\/div>\n\t\t<\/div>\n\t\t\t\t\t\t\t<\/div>\n\t\t<\/section>\n\t\t\t\t\t\t\t<\/div>\n\t\t","protected":false},"excerpt":{"rendered":"<p>Nosotros Objetivo El CEDEIM ofrece al p\u00fablico los servicios de ensayo basados en m\u00e9todos normalizados y no normalizados. Para lo cual cuenta actualmente con 2 laboratorios, que se especializan en ensayos relacionados con la evaluaci\u00f3n de la conformidad de tuber\u00edas y materiales termopl\u00e1sticos. Los laboratorios del CEDEIM tienen en sus instalaciones toda la infraestructura necesaria [&hellip;]<\/p>\n","protected":false},"author":1,"featured_media":0,"parent":0,"menu_order":0,"comment_status":"closed","ping_status":"closed","template":"","meta":{"om_disable_all_campaigns":false,"_monsterinsights_skip_tracking":false,"_monsterinsights_sitenote_active":false,"_monsterinsights_sitenote_note":"","_monsterinsights_sitenote_category":0,"footnotes":""},"class_list":["post-58","page","type-page","status-publish","hentry"],"_links":{"self":[{"href":"https:\/\/grupoasercom.com\/kmt-test\/cedeim\/wp-json\/wp\/v2\/pages\/58","targetHints":{"allow":["GET"]}}],"collection":[{"href":"https:\/\/grupoasercom.com\/kmt-test\/cedeim\/wp-json\/wp\/v2\/pages"}],"about":[{"href":"https:\/\/grupoasercom.com\/kmt-test\/cedeim\/wp-json\/wp\/v2\/types\/page"}],"author":[{"embeddable":true,"href":"https:\/\/grupoasercom.com\/kmt-test\/cedeim\/wp-json\/wp\/v2\/users\/1"}],"replies":[{"embeddable":true,"href":"https:\/\/grupoasercom.com\/kmt-test\/cedeim\/wp-json\/wp\/v2\/comments?post=58"}],"version-history":[{"count":31,"href":"https:\/\/grupoasercom.com\/kmt-test\/cedeim\/wp-json\/wp\/v2\/pages\/58\/revisions"}],"predecessor-version":[{"id":624,"href":"https:\/\/grupoasercom.com\/kmt-test\/cedeim\/wp-json\/wp\/v2\/pages\/58\/revisions\/624"}],"wp:attachment":[{"href":"https:\/\/grupoasercom.com\/kmt-test\/cedeim\/wp-json\/wp\/v2\/media?parent=58"}],"curies":[{"name":"wp","href":"https:\/\/api.w.org\/{rel}","templated":true}]}}