{"id":3,"date":"2022-08-12T17:30:43","date_gmt":"2022-08-12T17:30:43","guid":{"rendered":"http:\/\/keepmoving.com.mx\/kmt-test\/cedeim\/?page_id=3"},"modified":"2022-08-23T17:28:19","modified_gmt":"2022-08-23T17:28:19","slug":"politica-privacidad","status":"publish","type":"page","link":"https:\/\/grupoasercom.com\/kmt-test\/cedeim\/politica-privacidad\/","title":{"rendered":"Pol\u00edtica de privacidad"},"content":{"rendered":"\n<p>1.- El presente Aviso tiene por objeto la protecci\u00f3n de tus datos personales, mediante su tratamiento leg\u00edtimo, controlado e informado, a efecto de garantizar su privacidad, as\u00ed como tu derecho a la autodeterminaci\u00f3n informativa.<\/p>\n\n\n\n<p>2.- Conforme al art\u00edculo 3, fracci\u00f3n V, de la Ley, se entiende por Datos Personales: Cualquier informaci\u00f3n concerniente a una persona f\u00edsica identificada o identificable.<\/p>\n\n\n\n<p>3.- CEDEIM , de conformidad a lo dispuesto por la fracci\u00f3n I del art\u00edculo 16 de la Ley, ser\u00e1 el Responsable de tu informaci\u00f3n personal &nbsp;(Datos Personales). CEDEIM &nbsp;har\u00e1 uso de los datos para fines \u00fanicamente editoriales y estad\u00edsticos, as\u00ed como para mantenerte al tanto de la informaci\u00f3n concerniente a la franquicia.<\/p>\n\n\n\n<p>4.- Al participar en el proceso de selecci\u00f3n, autorizas a CEDEIM &nbsp;utilizar y tratar de forma automatizada tus datos personales e informaci\u00f3n suministrados, los cuales formar\u00e1n parte de nuestra base de datos con la finalidad de usarlos en forma enunciativa, m\u00e1s no limitativa para: identificarte, ubicarte, comunicarte, contactarte, enviarte informaci\u00f3n, actualizar nuestra base de datos y obtener estad\u00edsticas.<\/p>\n\n\n\n<p>6.- La temporalidad del manejo de tus Datos Personales ser\u00e1 indefinida a partir de la fecha en que nos los proporciones.<\/p>\n\n\n\n<p>7.- CEDEIM , como responsable del tratamiento de tus datos personales, est\u00e1 obligada a cumplir con los principios de licitud, consentimiento, informaci\u00f3n, calidad, finalidad, lealtad, proporcionalidad y responsabilidad tutelados en la Ley; por tal motivo con fundamento en los art\u00edculos 13 y 14 de la Ley, CEDEIM &nbsp;se compromete a tratar tu informaci\u00f3n con normas de confidencialidad y seguridad administrativa.<\/p>\n\n\n\n<p>8.- En t\u00e9rminos de lo establecido por el art\u00edculo 22 de la Ley, tienes derecho en cualquier momento a ejercer tus derechos de acceso, rectificaci\u00f3n, cancelaci\u00f3n y oposici\u00f3n al tratamiento de tus datos personales. En caso de que requieras alg\u00fan cambio deber\u00e1s enviar un correo a contacto@grupoasercom.com En cumplimiento al art\u00edculo 29 de la Ley, dicha solicitud deber\u00e1 contener los siguientes datos: a) Tu nombre y domicilio u otro medio para comunicarte la respuesta a tu solicitud; b) Los documentos que acrediten tu identidad o, en su caso, la representaci\u00f3n legal de la persona que realiza la solicitud a tu nombre; c) La descripci\u00f3n clara y precisa de los datos personales respecto de los que buscas ejercer alguno de los derechos mencionados en el p\u00e1rrafo anterior, y d) Cualquier otro<\/p>\n\n\n\n<p>elemento o documento que facilite la localizaci\u00f3n de tus datos personales. En caso de solicitar la rectificaci\u00f3n de datos personales, adicionalmente deber\u00e1s indicar las modificaciones a realizarse y aportar la documentaci\u00f3n que sustente tu petici\u00f3n. La respuesta a tu solicitud se te comunicar\u00e1 en un plazo de veinte d\u00edas h\u00e1biles, contados desde la fecha en que se recibi\u00f3, pudiendo ampliarse a<\/p>\n\n\n\n<p>veinte d\u00edas m\u00e1s en los casos que as\u00ed lo establezcan la Ley; a efecto de que de resultar procedente, se lleven a cabo las medidas adoptadas para cumplir con tu solicitud, mismas que se llevar\u00e1n a cabo dentro de los quince d\u00edas h\u00e1biles siguientes a la fecha en que se comunique la respuesta.<\/p>\n\n\n\n<p>9.- Te sugerimos conocer y analizar el contenido de la Ley Federal de Protecci\u00f3n de Datos Personales en Posesi\u00f3n de los Particulares pues pueden generarse cambios normativos a los que estamos sujetos.<\/p>\n\n\n\n<p>10.- CEDEIM &nbsp;podr\u00e1 utilizar cookies durante la prestaci\u00f3n de servicios del sitio web. Las cookies son ficheros f\u00edsicos de informaci\u00f3n personal alojados en el propio terminal del usuario. El usuario tiene la posibilidad de configurar su programa navegador de manera que se impida la creaci\u00f3n de archivos cookie o se advierta de la misma.<\/p>\n\n\n\n<p>11.- Si opta a abandonar nuestro sitio web a trav\u00e9s de enlaces a sitios web no pertenecientes a nuestra entidad, CEDEIM &nbsp;no se har\u00e1 responsable de las pol\u00edticas de privacidad de dichos sitios web ni de las cookies que \u00e9stos puedan almacenar en el ordenador del usuario.<\/p>\n\n\n\n<p>Una cadena an\u00f3nima creada a partir de tu direcci\u00f3n de correo electr\u00f3nico (tambi\u00e9n llamada hash) puede ser proporcionada al servicio de Gravatar para ver si la est\u00e1s usando. La pol\u00edtica de privacidad del servicio Gravatar est\u00e1 disponible aqu\u00ed: https:\/\/automattic.com\/privacy\/. Despu\u00e9s de la aprobaci\u00f3n de tu comentario, la imagen de tu perfil es visible para el p\u00fablico en el contexto de su comentario.<\/p>\n\n\n\n<h2 class=\"wp-block-heading\">Cookies<\/h2>\n\n\n\n<p><strong class=\"privacy-policy-tutorial\"> <\/strong>Si dejas un comentario en nuestro sitio puedes elegir guardar tu nombre, direcci\u00f3n de correo electr\u00f3nico y web en cookies. Esto es para tu comodidad, para que no tengas que volver a rellenar tus datos cuando dejes otro comentario. Estas cookies tendr\u00e1n una duraci\u00f3n de un a\u00f1o.<\/p>\n\n\n\n<p>Si tienes una cuenta y te conectas a este sitio, instalaremos una cookie temporal para determinar si tu navegador acepta cookies. Esta cookie no contiene datos personales y se elimina al cerrar el navegador.<\/p>\n\n\n\n<p>Cuando inicias sesi\u00f3n, tambi\u00e9n instalaremos varias cookies para guardar tu informaci\u00f3n de inicio de sesi\u00f3n y tus opciones de visualizaci\u00f3n de pantalla. Las cookies de inicio de sesi\u00f3n duran dos d\u00edas, y las cookies de opciones de pantalla duran un a\u00f1o. Si seleccionas &#8220;Recordarme&#8221;, tu inicio de sesi\u00f3n perdurar\u00e1 durante dos semanas. Si sales de tu cuenta, las cookies de inicio de sesi\u00f3n se eliminar\u00e1n.<\/p>\n\n\n\n<p>Si editas o publicas un art\u00edculo se guardar\u00e1 una cookie adicional en tu navegador. Esta cookie no incluye datos personales y simplemente indica el ID del art\u00edculo que acabas de editar. Caduca despu\u00e9s de 1 d\u00eda.<\/p>\n\n\n\n<h2 class=\"wp-block-heading\">Contenido incrustado de otros sitios web<\/h2>\n\n\n\n<p>Los art\u00edculos de este sitio pueden incluir contenido incrustado (por ejemplo, v\u00eddeos, im\u00e1genes, art\u00edculos, etc.). El contenido incrustado de otras web se comporta exactamente de la misma manera que si el visitante hubiera visitado la otra web.<\/p>\n\n\n\n<p>Estas web pueden recopilar datos sobre ti, utilizar cookies, incrustar un seguimiento adicional de terceros, y supervisar tu interacci\u00f3n con ese contenido incrustado, incluido el seguimiento de tu interacci\u00f3n con el contenido incrustado si tienes una cuenta y est\u00e1s conectado a esa web.<\/p>\n\n\n\n<h2 class=\"wp-block-heading\">Con qui\u00e9n compartimos tus datos<\/h2>\n\n\n\n<p><strong class=\"privacy-policy-tutorial\"> <\/strong>Si solicitas un restablecimiento de contrase\u00f1a, tu direcci\u00f3n IP ser\u00e1 incluida en el correo electr\u00f3nico de restablecimiento.<\/p>\n\n\n\n<h2 class=\"wp-block-heading\">Cu\u00e1nto tiempo conservamos tus datos<\/h2>\n\n\n\n<p>Si dejas un comentario, el comentario y sus metadatos se conservan indefinidamente. Esto es para que podamos reconocer y aprobar comentarios sucesivos autom\u00e1ticamente en lugar de mantenerlos en una cola de moderaci\u00f3n.<\/p>\n\n\n\n<p>De los usuarios que se registran en nuestra web (si los hay), tambi\u00e9n almacenamos la informaci\u00f3n personal que proporcionan en su perfil de usuario. Todos los usuarios pueden ver, editar o eliminar su informaci\u00f3n personal en cualquier momento (excepto que no pueden cambiar su nombre de usuario). Los administradores de la web tambi\u00e9n pueden ver y editar esa informaci\u00f3n.<\/p>\n\n\n\n<h2 class=\"wp-block-heading\">Qu\u00e9 derechos tienes sobre tus datos<\/h2>\n\n\n\n<p>Si tienes una cuenta o has dejado comentarios en esta web, puedes solicitar recibir un archivo de exportaci\u00f3n de los datos personales que tenemos sobre ti, incluyendo cualquier dato que nos hayas proporcionado. Tambi\u00e9n puedes solicitar que eliminemos cualquier dato personal que tengamos sobre ti. Esto no incluye ning\u00fan dato que estemos obligados a conservar con fines administrativos, legales o de seguridad.<\/p>\n\n\n\n<h2 class=\"wp-block-heading\">D\u00f3nde se env\u00edan tus datos<\/h2>\n\n\n\n<p>Los comentarios de los visitantes puede que los revise un servicio de detecci\u00f3n autom\u00e1tica de spam.<\/p>\n","protected":false},"excerpt":{"rendered":"<p>1.- El presente Aviso tiene por objeto la protecci\u00f3n de tus datos personales, mediante su tratamiento leg\u00edtimo, controlado e informado, a efecto de garantizar su privacidad, as\u00ed como tu derecho a la autodeterminaci\u00f3n informativa. 2.- Conforme al art\u00edculo 3, fracci\u00f3n V, de la Ley, se entiende por Datos Personales: Cualquier informaci\u00f3n concerniente a una persona [&hellip;]<\/p>\n","protected":false},"author":1,"featured_media":0,"parent":0,"menu_order":0,"comment_status":"closed","ping_status":"open","template":"","meta":{"om_disable_all_campaigns":false,"_monsterinsights_skip_tracking":false,"_monsterinsights_sitenote_active":false,"_monsterinsights_sitenote_note":"","_monsterinsights_sitenote_category":0,"footnotes":""},"class_list":["post-3","page","type-page","status-publish","hentry"],"_links":{"self":[{"href":"https:\/\/grupoasercom.com\/kmt-test\/cedeim\/wp-json\/wp\/v2\/pages\/3","targetHints":{"allow":["GET"]}}],"collection":[{"href":"https:\/\/grupoasercom.com\/kmt-test\/cedeim\/wp-json\/wp\/v2\/pages"}],"about":[{"href":"https:\/\/grupoasercom.com\/kmt-test\/cedeim\/wp-json\/wp\/v2\/types\/page"}],"author":[{"embeddable":true,"href":"https:\/\/grupoasercom.com\/kmt-test\/cedeim\/wp-json\/wp\/v2\/users\/1"}],"replies":[{"embeddable":true,"href":"https:\/\/grupoasercom.com\/kmt-test\/cedeim\/wp-json\/wp\/v2\/comments?post=3"}],"version-history":[{"count":2,"href":"https:\/\/grupoasercom.com\/kmt-test\/cedeim\/wp-json\/wp\/v2\/pages\/3\/revisions"}],"predecessor-version":[{"id":216,"href":"https:\/\/grupoasercom.com\/kmt-test\/cedeim\/wp-json\/wp\/v2\/pages\/3\/revisions\/216"}],"wp:attachment":[{"href":"https:\/\/grupoasercom.com\/kmt-test\/cedeim\/wp-json\/wp\/v2\/media?parent=3"}],"curies":[{"name":"wp","href":"https:\/\/api.w.org\/{rel}","templated":true}]}}